{"id":7408,"date":"2025-11-25T23:38:13","date_gmt":"2025-11-25T23:38:13","guid":{"rendered":"https:\/\/itn.edu.co\/web25\/?page_id=7408"},"modified":"2025-11-25T23:59:07","modified_gmt":"2025-11-25T23:59:07","slug":"area-ciencias-naturales-aplicadas-y-relacionadas","status":"publish","type":"page","link":"https:\/\/itn.edu.co\/web25\/area-ciencias-naturales-aplicadas-y-relacionadas\/","title":{"rendered":"\u00c1rea Ciencias Naturales, Aplicadas y Relacionadas"},"content":{"rendered":"\t\t<div data-elementor-type=\"wp-page\" data-elementor-id=\"7408\" class=\"elementor elementor-7408\">\n\t\t\t\t<div class=\"elementor-element elementor-element-9a70955 e-flex e-con-boxed e-con e-parent\" data-id=\"9a70955\" data-element_type=\"container\">\n\t\t\t\t\t<div class=\"e-con-inner\">\n\t\t\t\t<div class=\"elementor-element elementor-element-51e6110 elementor-widget elementor-widget-thim-ekits-heading\" data-id=\"51e6110\" data-element_type=\"widget\" data-widget_type=\"thim-ekits-heading.default\">\n\t\t\t\t<div class=\"elementor-widget-container\">\n\t\t\t\t\t<div class=\"thim-ekits-heading thim-ekit__heading\"><span class=\"sub-heading\">Hoy, m\u00e1s que nunca, la sociedad necesita personas capaces de transformar la informaci\u00f3n, la tecnolog\u00eda y la energ\u00eda en soluciones reales. Si buscas una formaci\u00f3n con alta demanda laboral, visi\u00f3n de futuro y oportunidades de crecimiento, estos programas est\u00e1n hechos para ti:<\/span><\/div>\t\t\t\t<\/div>\n\t\t\t\t<\/div>\n\t\t\t\t<div class=\"elementor-element elementor-element-24abbd2 elementor-widget-divider--view-line elementor-widget elementor-widget-divider\" data-id=\"24abbd2\" data-element_type=\"widget\" data-widget_type=\"divider.default\">\n\t\t\t\t<div class=\"elementor-widget-container\">\n\t\t\t\t\t\t\t<div class=\"elementor-divider\">\n\t\t\t<span class=\"elementor-divider-separator\">\n\t\t\t\t\t\t<\/span>\n\t\t<\/div>\n\t\t\t\t\t\t<\/div>\n\t\t\t\t<\/div>\n\t\t<div class=\"elementor-element elementor-element-ed5f867 e-grid e-con-full e-con e-child\" data-id=\"ed5f867\" data-element_type=\"container\">\n\t\t\t\t<div class=\"elementor-element elementor-element-cd374bf elementor-invisible elementor-widget elementor-widget-image\" data-id=\"cd374bf\" data-element_type=\"widget\" data-settings=\"{&quot;_animation&quot;:&quot;bounceIn&quot;,&quot;thim_ekit_motion_fx_mouse&quot;:&quot;yes&quot;}\" data-widget_type=\"image.default\">\n\t\t\t\t<div class=\"elementor-widget-container\">\n\t\t\t\t\t\t\t\t\t\t\t\t<figure class=\"wp-caption\">\n\t\t\t\t\t\t\t\t\t\t\t<a href=\"http:\/\/itn.edu.co\/web25\/wp-content\/uploads\/2025\/11\/Info_Energia_Solar_Fotovoltaica.pdf\" target=\"_blank\">\n\t\t\t\t\t\t\t<img fetchpriority=\"high\" decoding=\"async\" width=\"640\" height=\"800\" src=\"https:\/\/itn.edu.co\/web25\/wp-content\/uploads\/2025\/11\/SOLAR-768x960.png\" class=\"attachment-medium_large size-medium_large wp-image-7430\" alt=\"\" srcset=\"https:\/\/itn.edu.co\/web25\/wp-content\/uploads\/2025\/11\/SOLAR-768x960.png 768w, https:\/\/itn.edu.co\/web25\/wp-content\/uploads\/2025\/11\/SOLAR-240x300.png 240w, https:\/\/itn.edu.co\/web25\/wp-content\/uploads\/2025\/11\/SOLAR-819x1024.png 819w, https:\/\/itn.edu.co\/web25\/wp-content\/uploads\/2025\/11\/SOLAR.png 1080w\" sizes=\"(max-width: 640px) 100vw, 640px\" \/>\t\t\t\t\t\t\t\t<\/a>\n\t\t\t\t\t\t\t\t\t\t\t<figcaption class=\"widget-image-caption wp-caption-text\">Energ\u00eda Solar Fotovoltaica<\/figcaption>\n\t\t\t\t\t\t\t\t\t\t<\/figure>\n\t\t\t\t\t\t\t\t\t<\/div>\n\t\t\t\t<\/div>\n\t\t\t\t<div class=\"elementor-element elementor-element-c8b1b34 elementor-invisible elementor-widget elementor-widget-image\" data-id=\"c8b1b34\" data-element_type=\"widget\" data-settings=\"{&quot;_animation&quot;:&quot;bounceIn&quot;,&quot;thim_ekit_motion_fx_mouse&quot;:&quot;yes&quot;}\" data-widget_type=\"image.default\">\n\t\t\t\t<div class=\"elementor-widget-container\">\n\t\t\t\t\t\t\t\t\t\t\t\t<figure class=\"wp-caption\">\n\t\t\t\t\t\t\t\t\t\t\t<a href=\"http:\/\/itn.edu.co\/web25\/wp-content\/uploads\/2025\/11\/Info_Auxiliar_Sistemas_Informacion.pdf\" target=\"_blank\">\n\t\t\t\t\t\t\t<img decoding=\"async\" width=\"640\" height=\"800\" src=\"https:\/\/itn.edu.co\/web25\/wp-content\/uploads\/2025\/11\/SISTEMA-DE-INFO-768x960.png\" class=\"attachment-medium_large size-medium_large wp-image-7418\" alt=\"\" srcset=\"https:\/\/itn.edu.co\/web25\/wp-content\/uploads\/2025\/11\/SISTEMA-DE-INFO-768x960.png 768w, https:\/\/itn.edu.co\/web25\/wp-content\/uploads\/2025\/11\/SISTEMA-DE-INFO-240x300.png 240w, https:\/\/itn.edu.co\/web25\/wp-content\/uploads\/2025\/11\/SISTEMA-DE-INFO-819x1024.png 819w, https:\/\/itn.edu.co\/web25\/wp-content\/uploads\/2025\/11\/SISTEMA-DE-INFO.png 1080w\" sizes=\"(max-width: 640px) 100vw, 640px\" \/>\t\t\t\t\t\t\t\t<\/a>\n\t\t\t\t\t\t\t\t\t\t\t<figcaption class=\"widget-image-caption wp-caption-text\">Auxiliar en Sistemas de Informaci\u00f3n<\/figcaption>\n\t\t\t\t\t\t\t\t\t\t<\/figure>\n\t\t\t\t\t\t\t\t\t<\/div>\n\t\t\t\t<\/div>\n\t\t\t\t<div class=\"elementor-element elementor-element-289f97b elementor-invisible elementor-widget elementor-widget-image\" data-id=\"289f97b\" data-element_type=\"widget\" data-settings=\"{&quot;_animation&quot;:&quot;bounceIn&quot;,&quot;thim_ekit_motion_fx_mouse&quot;:&quot;yes&quot;}\" data-widget_type=\"image.default\">\n\t\t\t\t<div class=\"elementor-widget-container\">\n\t\t\t\t\t\t\t\t\t\t\t\t<figure class=\"wp-caption\">\n\t\t\t\t\t\t\t\t\t\t\t<a href=\"http:\/\/itn.edu.co\/web25\/wp-content\/uploads\/2025\/11\/Info_Operador_Computadores.pdf\" target=\"_blank\">\n\t\t\t\t\t\t\t<img decoding=\"async\" width=\"640\" height=\"800\" src=\"https:\/\/itn.edu.co\/web25\/wp-content\/uploads\/2025\/11\/PERFILESS-768x960.png\" class=\"attachment-medium_large size-medium_large wp-image-7422\" alt=\"\" srcset=\"https:\/\/itn.edu.co\/web25\/wp-content\/uploads\/2025\/11\/PERFILESS-768x960.png 768w, https:\/\/itn.edu.co\/web25\/wp-content\/uploads\/2025\/11\/PERFILESS-240x300.png 240w, https:\/\/itn.edu.co\/web25\/wp-content\/uploads\/2025\/11\/PERFILESS-819x1024.png 819w, https:\/\/itn.edu.co\/web25\/wp-content\/uploads\/2025\/11\/PERFILESS.png 1080w\" sizes=\"(max-width: 640px) 100vw, 640px\" \/>\t\t\t\t\t\t\t\t<\/a>\n\t\t\t\t\t\t\t\t\t\t\t<figcaption class=\"widget-image-caption wp-caption-text\">Operador de Computadores<\/figcaption>\n\t\t\t\t\t\t\t\t\t\t<\/figure>\n\t\t\t\t\t\t\t\t\t<\/div>\n\t\t\t\t<\/div>\n\t\t\t\t<div class=\"elementor-element elementor-element-52abe07 elementor-invisible elementor-widget elementor-widget-image\" data-id=\"52abe07\" data-element_type=\"widget\" data-settings=\"{&quot;_animation&quot;:&quot;bounceIn&quot;,&quot;thim_ekit_motion_fx_mouse&quot;:&quot;yes&quot;}\" data-widget_type=\"image.default\">\n\t\t\t\t<div class=\"elementor-widget-container\">\n\t\t\t\t\t\t\t\t\t\t\t\t<figure class=\"wp-caption\">\n\t\t\t\t\t\t\t\t\t\t\t<a href=\"http:\/\/itn.edu.co\/web25\/wp-content\/uploads\/2025\/11\/Info_Electricidad_Industrial.pdf\" target=\"_blank\">\n\t\t\t\t\t\t\t<img loading=\"lazy\" decoding=\"async\" width=\"640\" height=\"800\" src=\"https:\/\/itn.edu.co\/web25\/wp-content\/uploads\/2025\/11\/ELECTRICO-768x960.png\" class=\"attachment-medium_large size-medium_large wp-image-7426\" alt=\"\" srcset=\"https:\/\/itn.edu.co\/web25\/wp-content\/uploads\/2025\/11\/ELECTRICO-768x960.png 768w, https:\/\/itn.edu.co\/web25\/wp-content\/uploads\/2025\/11\/ELECTRICO-240x300.png 240w, https:\/\/itn.edu.co\/web25\/wp-content\/uploads\/2025\/11\/ELECTRICO-819x1024.png 819w, https:\/\/itn.edu.co\/web25\/wp-content\/uploads\/2025\/11\/ELECTRICO.png 1080w\" sizes=\"(max-width: 640px) 100vw, 640px\" \/>\t\t\t\t\t\t\t\t<\/a>\n\t\t\t\t\t\t\t\t\t\t\t<figcaption class=\"widget-image-caption wp-caption-text\">Electricidad Industrial<\/figcaption>\n\t\t\t\t\t\t\t\t\t\t<\/figure>\n\t\t\t\t\t\t\t\t\t<\/div>\n\t\t\t\t<\/div>\n\t\t\t\t<div class=\"elementor-element elementor-element-8f87fab elementor-invisible elementor-widget elementor-widget-image\" data-id=\"8f87fab\" data-element_type=\"widget\" data-settings=\"{&quot;_animation&quot;:&quot;bounceIn&quot;,&quot;thim_ekit_motion_fx_mouse&quot;:&quot;yes&quot;}\" data-widget_type=\"image.default\">\n\t\t\t\t<div class=\"elementor-widget-container\">\n\t\t\t\t\t\t\t\t\t\t\t\t<figure class=\"wp-caption\">\n\t\t\t\t\t\t\t\t\t\t\t<a href=\"http:\/\/itn.edu.co\/web25\/wp-content\/uploads\/2025\/11\/Info_Energia_Eolica.pdf\" target=\"_blank\">\n\t\t\t\t\t\t\t<img loading=\"lazy\" decoding=\"async\" width=\"640\" height=\"800\" src=\"https:\/\/itn.edu.co\/web25\/wp-content\/uploads\/2025\/11\/EOLICA-768x960.png\" class=\"attachment-medium_large size-medium_large wp-image-7434\" alt=\"\" srcset=\"https:\/\/itn.edu.co\/web25\/wp-content\/uploads\/2025\/11\/EOLICA-768x960.png 768w, https:\/\/itn.edu.co\/web25\/wp-content\/uploads\/2025\/11\/EOLICA-240x300.png 240w, https:\/\/itn.edu.co\/web25\/wp-content\/uploads\/2025\/11\/EOLICA-819x1024.png 819w, https:\/\/itn.edu.co\/web25\/wp-content\/uploads\/2025\/11\/EOLICA.png 1080w\" sizes=\"(max-width: 640px) 100vw, 640px\" \/>\t\t\t\t\t\t\t\t<\/a>\n\t\t\t\t\t\t\t\t\t\t\t<figcaption class=\"widget-image-caption wp-caption-text\">Energ\u00eda E\u00f3lica<\/figcaption>\n\t\t\t\t\t\t\t\t\t\t<\/figure>\n\t\t\t\t\t\t\t\t\t<\/div>\n\t\t\t\t<\/div>\n\t\t\t\t<div class=\"elementor-element elementor-element-cccd644 elementor-invisible elementor-widget elementor-widget-image\" data-id=\"cccd644\" data-element_type=\"widget\" data-settings=\"{&quot;_animation&quot;:&quot;bounceIn&quot;,&quot;thim_ekit_motion_fx_mouse&quot;:&quot;yes&quot;}\" data-widget_type=\"image.default\">\n\t\t\t\t<div class=\"elementor-widget-container\">\n\t\t\t\t\t\t\t\t\t\t\t\t<figure class=\"wp-caption\">\n\t\t\t\t\t\t\t\t\t\t\t<a href=\"http:\/\/itn.edu.co\/web25\/wp-content\/uploads\/2025\/11\/Info_Marketing_Digital.pdf\" target=\"_blank\">\n\t\t\t\t\t\t\t<img loading=\"lazy\" decoding=\"async\" width=\"640\" height=\"800\" src=\"https:\/\/itn.edu.co\/web25\/wp-content\/uploads\/2025\/11\/marketingsss-768x960.png\" class=\"attachment-medium_large size-medium_large wp-image-7196\" alt=\"\" srcset=\"https:\/\/itn.edu.co\/web25\/wp-content\/uploads\/2025\/11\/marketingsss-768x960.png 768w, https:\/\/itn.edu.co\/web25\/wp-content\/uploads\/2025\/11\/marketingsss-240x300.png 240w, https:\/\/itn.edu.co\/web25\/wp-content\/uploads\/2025\/11\/marketingsss-819x1024.png 819w, https:\/\/itn.edu.co\/web25\/wp-content\/uploads\/2025\/11\/marketingsss.png 1080w\" sizes=\"(max-width: 640px) 100vw, 640px\" \/>\t\t\t\t\t\t\t\t<\/a>\n\t\t\t\t\t\t\t\t\t\t\t<figcaption class=\"widget-image-caption wp-caption-text\">Marketing Digital<\/figcaption>\n\t\t\t\t\t\t\t\t\t\t<\/figure>\n\t\t\t\t\t\t\t\t\t<\/div>\n\t\t\t\t<\/div>\n\t\t\t\t<div class=\"elementor-element elementor-element-ef38f10 elementor-invisible elementor-widget elementor-widget-image\" data-id=\"ef38f10\" data-element_type=\"widget\" data-settings=\"{&quot;_animation&quot;:&quot;bounceIn&quot;,&quot;thim_ekit_motion_fx_mouse&quot;:&quot;yes&quot;}\" data-widget_type=\"image.default\">\n\t\t\t\t<div class=\"elementor-widget-container\">\n\t\t\t\t\t\t\t\t\t\t\t\t<figure class=\"wp-caption\">\n\t\t\t\t\t\t\t\t\t\t\t<a href=\"http:\/\/itn.edu.co\/web25\/wp-content\/uploads\/2025\/11\/Info_Mantenimiento_Ensamble_computadores.pdf\" target=\"_blank\">\n\t\t\t\t\t\t\t<img loading=\"lazy\" decoding=\"async\" width=\"640\" height=\"800\" src=\"https:\/\/itn.edu.co\/web25\/wp-content\/uploads\/2025\/11\/MANTENIMIENTO-COMPUTADORES-768x960.png\" class=\"attachment-medium_large size-medium_large wp-image-7442\" alt=\"\" srcset=\"https:\/\/itn.edu.co\/web25\/wp-content\/uploads\/2025\/11\/MANTENIMIENTO-COMPUTADORES-768x960.png 768w, https:\/\/itn.edu.co\/web25\/wp-content\/uploads\/2025\/11\/MANTENIMIENTO-COMPUTADORES-240x300.png 240w, https:\/\/itn.edu.co\/web25\/wp-content\/uploads\/2025\/11\/MANTENIMIENTO-COMPUTADORES-819x1024.png 819w, https:\/\/itn.edu.co\/web25\/wp-content\/uploads\/2025\/11\/MANTENIMIENTO-COMPUTADORES.png 1080w\" sizes=\"(max-width: 640px) 100vw, 640px\" \/>\t\t\t\t\t\t\t\t<\/a>\n\t\t\t\t\t\t\t\t\t\t\t<figcaption class=\"widget-image-caption wp-caption-text\">Mantenimiento y Ensamble de Computadores<\/figcaption>\n\t\t\t\t\t\t\t\t\t\t<\/figure>\n\t\t\t\t\t\t\t\t\t<\/div>\n\t\t\t\t<\/div>\n\t\t\t\t<div class=\"elementor-element elementor-element-8ee670c elementor-invisible elementor-widget elementor-widget-image\" data-id=\"8ee670c\" data-element_type=\"widget\" data-settings=\"{&quot;_animation&quot;:&quot;bounceIn&quot;,&quot;thim_ekit_motion_fx_mouse&quot;:&quot;yes&quot;}\" data-widget_type=\"image.default\">\n\t\t\t\t<div class=\"elementor-widget-container\">\n\t\t\t\t\t\t\t\t\t\t\t\t<figure class=\"wp-caption\">\n\t\t\t\t\t\t\t\t\t\t\t<a href=\"http:\/\/itn.edu.co\/web25\/wp-content\/uploads\/2025\/11\/Info_Equipo_refrigeracion_Ventilacion_Climatizacion.pdf\" target=\"_blank\">\n\t\t\t\t\t\t\t<img loading=\"lazy\" decoding=\"async\" width=\"640\" height=\"800\" src=\"https:\/\/itn.edu.co\/web25\/wp-content\/uploads\/2025\/11\/AIRE-768x960.png\" class=\"attachment-medium_large size-medium_large wp-image-7438\" alt=\"\" srcset=\"https:\/\/itn.edu.co\/web25\/wp-content\/uploads\/2025\/11\/AIRE-768x960.png 768w, https:\/\/itn.edu.co\/web25\/wp-content\/uploads\/2025\/11\/AIRE-240x300.png 240w, https:\/\/itn.edu.co\/web25\/wp-content\/uploads\/2025\/11\/AIRE-819x1024.png 819w, https:\/\/itn.edu.co\/web25\/wp-content\/uploads\/2025\/11\/AIRE.png 1080w\" sizes=\"(max-width: 640px) 100vw, 640px\" \/>\t\t\t\t\t\t\t\t<\/a>\n\t\t\t\t\t\t\t\t\t\t\t<figcaption class=\"widget-image-caption wp-caption-text\">Equipo de Refrigeraci\u00f3n, Ventilaci\u00f3n y climatizaci\u00f3n<\/figcaption>\n\t\t\t\t\t\t\t\t\t\t<\/figure>\n\t\t\t\t\t\t\t\t\t<\/div>\n\t\t\t\t<\/div>\n\t\t\t\t<\/div>\n\t\t\t\t\t<\/div>\n\t\t\t\t<\/div>\n\t\t\t\t<\/div>\n\t\t","protected":false},"excerpt":{"rendered":"<p>&#8230;<\/p>\n","protected":false},"author":1,"featured_media":0,"parent":0,"menu_order":0,"comment_status":"closed","ping_status":"closed","template":"","meta":{"_joinchat":[],"footnotes":""},"class_list":["post-7408","page","type-page","status-publish","hentry"],"_links":{"self":[{"href":"https:\/\/itn.edu.co\/web25\/wp-json\/wp\/v2\/pages\/7408","targetHints":{"allow":["GET"]}}],"collection":[{"href":"https:\/\/itn.edu.co\/web25\/wp-json\/wp\/v2\/pages"}],"about":[{"href":"https:\/\/itn.edu.co\/web25\/wp-json\/wp\/v2\/types\/page"}],"author":[{"embeddable":true,"href":"https:\/\/itn.edu.co\/web25\/wp-json\/wp\/v2\/users\/1"}],"replies":[{"embeddable":true,"href":"https:\/\/itn.edu.co\/web25\/wp-json\/wp\/v2\/comments?post=7408"}],"version-history":[{"count":28,"href":"https:\/\/itn.edu.co\/web25\/wp-json\/wp\/v2\/pages\/7408\/revisions"}],"predecessor-version":[{"id":7451,"href":"https:\/\/itn.edu.co\/web25\/wp-json\/wp\/v2\/pages\/7408\/revisions\/7451"}],"wp:attachment":[{"href":"https:\/\/itn.edu.co\/web25\/wp-json\/wp\/v2\/media?parent=7408"}],"curies":[{"name":"wp","href":"https:\/\/api.w.org\/{rel}","templated":true}]}}