{"id":7330,"date":"2025-11-25T21:58:17","date_gmt":"2025-11-25T21:58:17","guid":{"rendered":"https:\/\/itn.edu.co\/web25\/?page_id=7330"},"modified":"2025-11-25T22:46:58","modified_gmt":"2025-11-25T22:46:58","slug":"area-operacion-equipos-de-transporte-y-oficios","status":"publish","type":"page","link":"https:\/\/itn.edu.co\/web25\/area-operacion-equipos-de-transporte-y-oficios\/","title":{"rendered":"\u00c1rea Operaci\u00f3n Equipos de Transporte y Oficios"},"content":{"rendered":"\t\t<div data-elementor-type=\"wp-page\" data-elementor-id=\"7330\" class=\"elementor elementor-7330\">\n\t\t\t\t<div class=\"elementor-element elementor-element-9a70955 e-flex e-con-boxed e-con e-parent\" data-id=\"9a70955\" data-element_type=\"container\">\n\t\t\t\t\t<div class=\"e-con-inner\">\n\t\t\t\t<div class=\"elementor-element elementor-element-51e6110 elementor-widget elementor-widget-thim-ekits-heading\" data-id=\"51e6110\" data-element_type=\"widget\" data-widget_type=\"thim-ekits-heading.default\">\n\t\t\t\t<div class=\"elementor-widget-container\">\n\t\t\t\t\t<div class=\"thim-ekits-heading thim-ekit__heading\"><span class=\"sub-heading\">En esta \u00e1rea ofrecemos programas dirigidos a la  construcci\u00f3n y el movimiento para garantizar que el desarrollo no se detenga con alegr\u00eda y nutrici\u00f3n impulsando la identidad que define el estilo de la sociedad <\/span><\/div>\t\t\t\t<\/div>\n\t\t\t\t<\/div>\n\t\t\t\t<div class=\"elementor-element elementor-element-24abbd2 elementor-widget-divider--view-line elementor-widget elementor-widget-divider\" data-id=\"24abbd2\" data-element_type=\"widget\" data-widget_type=\"divider.default\">\n\t\t\t\t<div class=\"elementor-widget-container\">\n\t\t\t\t\t\t\t<div class=\"elementor-divider\">\n\t\t\t<span class=\"elementor-divider-separator\">\n\t\t\t\t\t\t<\/span>\n\t\t<\/div>\n\t\t\t\t\t\t<\/div>\n\t\t\t\t<\/div>\n\t\t<div class=\"elementor-element elementor-element-ed5f867 e-grid e-con-full e-con e-child\" data-id=\"ed5f867\" data-element_type=\"container\">\n\t\t\t\t<div class=\"elementor-element elementor-element-c8b1b34 elementor-invisible elementor-widget elementor-widget-image\" data-id=\"c8b1b34\" data-element_type=\"widget\" data-settings=\"{&quot;_animation&quot;:&quot;bounceIn&quot;,&quot;thim_ekit_motion_fx_mouse&quot;:&quot;yes&quot;}\" data-widget_type=\"image.default\">\n\t\t\t\t<div class=\"elementor-widget-container\">\n\t\t\t\t\t\t\t\t\t\t\t\t<figure class=\"wp-caption\">\n\t\t\t\t\t\t\t\t\t\t\t<a href=\"http:\/\/itn.edu.co\/web25\/wp-content\/uploads\/2025\/11\/Info_Mantenimiento_Equipo_Pesado.pdf\" target=\"_blank\">\n\t\t\t\t\t\t\t<img fetchpriority=\"high\" decoding=\"async\" width=\"640\" height=\"640\" src=\"https:\/\/itn.edu.co\/web25\/wp-content\/uploads\/2025\/11\/09.png\" class=\"attachment-medium_large size-medium_large wp-image-7333\" alt=\"\" srcset=\"https:\/\/itn.edu.co\/web25\/wp-content\/uploads\/2025\/11\/09.png 1080w, https:\/\/itn.edu.co\/web25\/wp-content\/uploads\/2025\/11\/09-300x300.png 300w\" sizes=\"(max-width: 640px) 100vw, 640px\" \/>\t\t\t\t\t\t\t\t<\/a>\n\t\t\t\t\t\t\t\t\t\t\t<figcaption class=\"widget-image-caption wp-caption-text\">Mantenimiento de Equipo Pesado<\/figcaption>\n\t\t\t\t\t\t\t\t\t\t<\/figure>\n\t\t\t\t\t\t\t\t\t<\/div>\n\t\t\t\t<\/div>\n\t\t\t\t<div class=\"elementor-element elementor-element-289f97b elementor-invisible elementor-widget elementor-widget-image\" data-id=\"289f97b\" data-element_type=\"widget\" data-settings=\"{&quot;_animation&quot;:&quot;bounceIn&quot;,&quot;thim_ekit_motion_fx_mouse&quot;:&quot;yes&quot;}\" data-widget_type=\"image.default\">\n\t\t\t\t<div class=\"elementor-widget-container\">\n\t\t\t\t\t\t\t\t\t\t\t\t<figure class=\"wp-caption\">\n\t\t\t\t\t\t\t\t\t\t\t<a href=\"http:\/\/itn.edu.co\/web25\/wp-content\/uploads\/2025\/11\/Info_Mecanico_Vehiculos_Automotores.pdf\" target=\"_blank\">\n\t\t\t\t\t\t\t<img decoding=\"async\" width=\"640\" height=\"640\" src=\"https:\/\/itn.edu.co\/web25\/wp-content\/uploads\/2025\/11\/05.png\" class=\"attachment-medium_large size-medium_large wp-image-7341\" alt=\"\" srcset=\"https:\/\/itn.edu.co\/web25\/wp-content\/uploads\/2025\/11\/05.png 1080w, https:\/\/itn.edu.co\/web25\/wp-content\/uploads\/2025\/11\/05-300x300.png 300w\" sizes=\"(max-width: 640px) 100vw, 640px\" \/>\t\t\t\t\t\t\t\t<\/a>\n\t\t\t\t\t\t\t\t\t\t\t<figcaption class=\"widget-image-caption wp-caption-text\">Mec\u00e1nico de Veh\u00edculos Automotores<\/figcaption>\n\t\t\t\t\t\t\t\t\t\t<\/figure>\n\t\t\t\t\t\t\t\t\t<\/div>\n\t\t\t\t<\/div>\n\t\t\t\t<div class=\"elementor-element elementor-element-52abe07 elementor-invisible elementor-widget elementor-widget-image\" data-id=\"52abe07\" data-element_type=\"widget\" data-settings=\"{&quot;_animation&quot;:&quot;bounceIn&quot;,&quot;thim_ekit_motion_fx_mouse&quot;:&quot;yes&quot;}\" data-widget_type=\"image.default\">\n\t\t\t\t<div class=\"elementor-widget-container\">\n\t\t\t\t\t\t\t\t\t\t\t\t<figure class=\"wp-caption\">\n\t\t\t\t\t\t\t\t\t\t\t<a href=\"http:\/\/itn.edu.co\/web25\/wp-content\/uploads\/2025\/11\/Info_Electromecanica.pdf\" target=\"_blank\">\n\t\t\t\t\t\t\t<img decoding=\"async\" width=\"640\" height=\"640\" src=\"https:\/\/itn.edu.co\/web25\/wp-content\/uploads\/2025\/11\/01-768x768.png\" class=\"attachment-medium_large size-medium_large wp-image-7343\" alt=\"\" srcset=\"https:\/\/itn.edu.co\/web25\/wp-content\/uploads\/2025\/11\/01-768x768.png 768w, https:\/\/itn.edu.co\/web25\/wp-content\/uploads\/2025\/11\/01-300x300.png 300w, https:\/\/itn.edu.co\/web25\/wp-content\/uploads\/2025\/11\/01-1024x1024.png 1024w, https:\/\/itn.edu.co\/web25\/wp-content\/uploads\/2025\/11\/01-150x150.png 150w, https:\/\/itn.edu.co\/web25\/wp-content\/uploads\/2025\/11\/01.png 1080w\" sizes=\"(max-width: 640px) 100vw, 640px\" \/>\t\t\t\t\t\t\t\t<\/a>\n\t\t\t\t\t\t\t\t\t\t\t<figcaption class=\"widget-image-caption wp-caption-text\">Electromec\u00e1nica<\/figcaption>\n\t\t\t\t\t\t\t\t\t\t<\/figure>\n\t\t\t\t\t\t\t\t\t<\/div>\n\t\t\t\t<\/div>\n\t\t\t\t<div class=\"elementor-element elementor-element-cd374bf elementor-invisible elementor-widget elementor-widget-image\" data-id=\"cd374bf\" data-element_type=\"widget\" data-settings=\"{&quot;_animation&quot;:&quot;bounceIn&quot;,&quot;thim_ekit_motion_fx_mouse&quot;:&quot;yes&quot;}\" data-widget_type=\"image.default\">\n\t\t\t\t<div class=\"elementor-widget-container\">\n\t\t\t\t\t\t\t\t\t\t\t\t<figure class=\"wp-caption\">\n\t\t\t\t\t\t\t\t\t\t\t<a href=\"http:\/\/itn.edu.co\/web25\/wp-content\/uploads\/2025\/11\/Info_Operador_Equipo_Pesado.pdf\" target=\"_blank\">\n\t\t\t\t\t\t\t<img loading=\"lazy\" decoding=\"async\" width=\"640\" height=\"640\" src=\"https:\/\/itn.edu.co\/web25\/wp-content\/uploads\/2025\/11\/02-2.png\" class=\"attachment-medium_large size-medium_large wp-image-7344\" alt=\"\" srcset=\"https:\/\/itn.edu.co\/web25\/wp-content\/uploads\/2025\/11\/02-2.png 1080w, https:\/\/itn.edu.co\/web25\/wp-content\/uploads\/2025\/11\/02-2-300x300.png 300w\" sizes=\"(max-width: 640px) 100vw, 640px\" \/>\t\t\t\t\t\t\t\t<\/a>\n\t\t\t\t\t\t\t\t\t\t\t<figcaption class=\"widget-image-caption wp-caption-text\">Operador de Equipo Pesado<\/figcaption>\n\t\t\t\t\t\t\t\t\t\t<\/figure>\n\t\t\t\t\t\t\t\t\t<\/div>\n\t\t\t\t<\/div>\n\t\t\t\t<div class=\"elementor-element elementor-element-8f87fab elementor-invisible elementor-widget elementor-widget-image\" data-id=\"8f87fab\" data-element_type=\"widget\" data-settings=\"{&quot;_animation&quot;:&quot;bounceIn&quot;,&quot;thim_ekit_motion_fx_mouse&quot;:&quot;yes&quot;}\" data-widget_type=\"image.default\">\n\t\t\t\t<div class=\"elementor-widget-container\">\n\t\t\t\t\t\t\t\t\t\t\t\t<figure class=\"wp-caption\">\n\t\t\t\t\t\t\t\t\t\t\t<a href=\"http:\/\/itn.edu.co\/web25\/wp-content\/uploads\/2025\/11\/Info_Auxiliar_Cocina.pdf\" target=\"_blank\">\n\t\t\t\t\t\t\t<img loading=\"lazy\" decoding=\"async\" width=\"640\" height=\"640\" src=\"https:\/\/itn.edu.co\/web25\/wp-content\/uploads\/2025\/11\/04.png\" class=\"attachment-medium_large size-medium_large wp-image-7348\" alt=\"\" srcset=\"https:\/\/itn.edu.co\/web25\/wp-content\/uploads\/2025\/11\/04.png 1080w, https:\/\/itn.edu.co\/web25\/wp-content\/uploads\/2025\/11\/04-300x300.png 300w\" sizes=\"(max-width: 640px) 100vw, 640px\" \/>\t\t\t\t\t\t\t\t<\/a>\n\t\t\t\t\t\t\t\t\t\t\t<figcaption class=\"widget-image-caption wp-caption-text\">Auxiliar de Cocina<\/figcaption>\n\t\t\t\t\t\t\t\t\t\t<\/figure>\n\t\t\t\t\t\t\t\t\t<\/div>\n\t\t\t\t<\/div>\n\t\t\t\t<div class=\"elementor-element elementor-element-8ee670c elementor-invisible elementor-widget elementor-widget-image\" data-id=\"8ee670c\" data-element_type=\"widget\" data-settings=\"{&quot;_animation&quot;:&quot;bounceIn&quot;,&quot;thim_ekit_motion_fx_mouse&quot;:&quot;yes&quot;}\" data-widget_type=\"image.default\">\n\t\t\t\t<div class=\"elementor-widget-container\">\n\t\t\t\t\t\t\t\t\t\t\t\t<figure class=\"wp-caption\">\n\t\t\t\t\t\t\t\t\t\t\t<a href=\"http:\/\/itn.edu.co\/web25\/wp-content\/uploads\/2025\/11\/Info_Auxiliar_Panaderia.pdf\" target=\"_blank\">\n\t\t\t\t\t\t\t<img loading=\"lazy\" decoding=\"async\" width=\"640\" height=\"640\" src=\"https:\/\/itn.edu.co\/web25\/wp-content\/uploads\/2025\/11\/08.png\" class=\"attachment-medium_large size-medium_large wp-image-7350\" alt=\"\" srcset=\"https:\/\/itn.edu.co\/web25\/wp-content\/uploads\/2025\/11\/08.png 1080w, https:\/\/itn.edu.co\/web25\/wp-content\/uploads\/2025\/11\/08-300x300.png 300w\" sizes=\"(max-width: 640px) 100vw, 640px\" \/>\t\t\t\t\t\t\t\t<\/a>\n\t\t\t\t\t\t\t\t\t\t\t<figcaption class=\"widget-image-caption wp-caption-text\">Auxiliar En Panader\u00eda<\/figcaption>\n\t\t\t\t\t\t\t\t\t\t<\/figure>\n\t\t\t\t\t\t\t\t\t<\/div>\n\t\t\t\t<\/div>\n\t\t\t\t<div class=\"elementor-element elementor-element-ef38f10 elementor-invisible elementor-widget elementor-widget-image\" data-id=\"ef38f10\" data-element_type=\"widget\" data-settings=\"{&quot;_animation&quot;:&quot;bounceIn&quot;,&quot;thim_ekit_motion_fx_mouse&quot;:&quot;yes&quot;}\" data-widget_type=\"image.default\">\n\t\t\t\t<div class=\"elementor-widget-container\">\n\t\t\t\t\t\t\t\t\t\t\t\t<figure class=\"wp-caption\">\n\t\t\t\t\t\t\t\t\t\t\t<a href=\"http:\/\/itn.edu.co\/web25\/wp-content\/uploads\/2025\/11\/Info_Auxiliar_Reposteria.pdf\" target=\"_blank\">\n\t\t\t\t\t\t\t<img loading=\"lazy\" decoding=\"async\" width=\"640\" height=\"640\" src=\"https:\/\/itn.edu.co\/web25\/wp-content\/uploads\/2025\/11\/06.png\" class=\"attachment-medium_large size-medium_large wp-image-7354\" alt=\"\" srcset=\"https:\/\/itn.edu.co\/web25\/wp-content\/uploads\/2025\/11\/06.png 1080w, https:\/\/itn.edu.co\/web25\/wp-content\/uploads\/2025\/11\/06-300x300.png 300w\" sizes=\"(max-width: 640px) 100vw, 640px\" \/>\t\t\t\t\t\t\t\t<\/a>\n\t\t\t\t\t\t\t\t\t\t\t<figcaption class=\"widget-image-caption wp-caption-text\">Auxiliar en Reposter\u00eda<\/figcaption>\n\t\t\t\t\t\t\t\t\t\t<\/figure>\n\t\t\t\t\t\t\t\t\t<\/div>\n\t\t\t\t<\/div>\n\t\t\t\t<div class=\"elementor-element elementor-element-cccd644 elementor-invisible elementor-widget elementor-widget-image\" data-id=\"cccd644\" data-element_type=\"widget\" data-settings=\"{&quot;_animation&quot;:&quot;bounceIn&quot;,&quot;thim_ekit_motion_fx_mouse&quot;:&quot;yes&quot;}\" data-widget_type=\"image.default\">\n\t\t\t\t<div class=\"elementor-widget-container\">\n\t\t\t\t\t\t\t\t\t\t\t\t<figure class=\"wp-caption\">\n\t\t\t\t\t\t\t\t\t\t\t<a href=\"http:\/\/itn.edu.co\/web25\/wp-content\/uploads\/2025\/11\/Info_Diseno_Patronaje_Modas.pdf\" target=\"_blank\">\n\t\t\t\t\t\t\t<img loading=\"lazy\" decoding=\"async\" width=\"640\" height=\"640\" src=\"https:\/\/itn.edu.co\/web25\/wp-content\/uploads\/2025\/11\/07.png\" class=\"attachment-medium_large size-medium_large wp-image-7358\" alt=\"\" srcset=\"https:\/\/itn.edu.co\/web25\/wp-content\/uploads\/2025\/11\/07.png 1080w, https:\/\/itn.edu.co\/web25\/wp-content\/uploads\/2025\/11\/07-300x300.png 300w\" sizes=\"(max-width: 640px) 100vw, 640px\" \/>\t\t\t\t\t\t\t\t<\/a>\n\t\t\t\t\t\t\t\t\t\t\t<figcaption class=\"widget-image-caption wp-caption-text\">Dise\u00f1o y Patronaje de Modas<\/figcaption>\n\t\t\t\t\t\t\t\t\t\t<\/figure>\n\t\t\t\t\t\t\t\t\t<\/div>\n\t\t\t\t<\/div>\n\t\t\t\t<div class=\"elementor-element elementor-element-c822c7c elementor-invisible elementor-widget elementor-widget-image\" data-id=\"c822c7c\" data-element_type=\"widget\" data-settings=\"{&quot;_animation&quot;:&quot;bounceIn&quot;,&quot;thim_ekit_motion_fx_mouse&quot;:&quot;yes&quot;}\" data-widget_type=\"image.default\">\n\t\t\t\t<div class=\"elementor-widget-container\">\n\t\t\t\t\t\t\t\t\t\t\t\t<figure class=\"wp-caption\">\n\t\t\t\t\t\t\t\t\t\t\t<a href=\"http:\/\/itn.edu.co\/web25\/wp-content\/uploads\/2025\/11\/Info_Auxiliar_Corte_Confeccion.pdf\" target=\"_blank\">\n\t\t\t\t\t\t\t<img loading=\"lazy\" decoding=\"async\" width=\"640\" height=\"640\" src=\"https:\/\/itn.edu.co\/web25\/wp-content\/uploads\/2025\/11\/03.png\" class=\"attachment-medium_large size-medium_large wp-image-7365\" alt=\"\" srcset=\"https:\/\/itn.edu.co\/web25\/wp-content\/uploads\/2025\/11\/03.png 1080w, https:\/\/itn.edu.co\/web25\/wp-content\/uploads\/2025\/11\/03-300x300.png 300w\" sizes=\"(max-width: 640px) 100vw, 640px\" \/>\t\t\t\t\t\t\t\t<\/a>\n\t\t\t\t\t\t\t\t\t\t\t<figcaption class=\"widget-image-caption wp-caption-text\">Auxiliar en Corte y Confecci\u00f3n<\/figcaption>\n\t\t\t\t\t\t\t\t\t\t<\/figure>\n\t\t\t\t\t\t\t\t\t<\/div>\n\t\t\t\t<\/div>\n\t\t\t\t<\/div>\n\t\t\t\t\t<\/div>\n\t\t\t\t<\/div>\n\t\t\t\t<\/div>\n\t\t","protected":false},"excerpt":{"rendered":"<p>&#8230;<\/p>\n","protected":false},"author":1,"featured_media":0,"parent":0,"menu_order":0,"comment_status":"closed","ping_status":"closed","template":"","meta":{"_joinchat":[],"footnotes":""},"class_list":["post-7330","page","type-page","status-publish","hentry"],"_links":{"self":[{"href":"https:\/\/itn.edu.co\/web25\/wp-json\/wp\/v2\/pages\/7330","targetHints":{"allow":["GET"]}}],"collection":[{"href":"https:\/\/itn.edu.co\/web25\/wp-json\/wp\/v2\/pages"}],"about":[{"href":"https:\/\/itn.edu.co\/web25\/wp-json\/wp\/v2\/types\/page"}],"author":[{"embeddable":true,"href":"https:\/\/itn.edu.co\/web25\/wp-json\/wp\/v2\/users\/1"}],"replies":[{"embeddable":true,"href":"https:\/\/itn.edu.co\/web25\/wp-json\/wp\/v2\/comments?post=7330"}],"version-history":[{"count":53,"href":"https:\/\/itn.edu.co\/web25\/wp-json\/wp\/v2\/pages\/7330\/revisions"}],"predecessor-version":[{"id":7404,"href":"https:\/\/itn.edu.co\/web25\/wp-json\/wp\/v2\/pages\/7330\/revisions\/7404"}],"wp:attachment":[{"href":"https:\/\/itn.edu.co\/web25\/wp-json\/wp\/v2\/media?parent=7330"}],"curies":[{"name":"wp","href":"https:\/\/api.w.org\/{rel}","templated":true}]}}