{"id":7270,"date":"2025-11-24T01:52:30","date_gmt":"2025-11-24T01:52:30","guid":{"rendered":"https:\/\/itn.edu.co\/web25\/?page_id=7270"},"modified":"2025-11-24T02:31:40","modified_gmt":"2025-11-24T02:31:40","slug":"area-salud","status":"publish","type":"page","link":"https:\/\/itn.edu.co\/web25\/area-salud\/","title":{"rendered":"\u00c1rea Salud"},"content":{"rendered":"\t\t<div data-elementor-type=\"wp-page\" data-elementor-id=\"7270\" class=\"elementor elementor-7270\">\n\t\t\t\t<div class=\"elementor-element elementor-element-9a70955 e-flex e-con-boxed e-con e-parent\" data-id=\"9a70955\" data-element_type=\"container\">\n\t\t\t\t\t<div class=\"e-con-inner\">\n\t\t\t\t<div class=\"elementor-element elementor-element-51e6110 elementor-widget elementor-widget-thim-ekits-heading\" data-id=\"51e6110\" data-element_type=\"widget\" data-widget_type=\"thim-ekits-heading.default\">\n\t\t\t\t<div class=\"elementor-widget-container\">\n\t\t\t\t\t<div class=\"thim-ekits-heading thim-ekit__heading\"><span class=\"sub-heading\">En el \u00e1rea de Salud ofrecemos  programas que forman profesionales con profunda sensibilidad humana y compromiso por el bienestar de las personas. Estos programas te capacitan en  una carrera donde el servicio, la vocaci\u00f3n y la empat\u00eda se convierten en herramientas para transformar vidas. Estos  preparan a los estudiantes para brindar apoyo cl\u00ednico, acompa\u00f1amiento responsable y una gesti\u00f3n eficiente en los procesos de atenci\u00f3n, convirti\u00e9ndolos en piezas clave dentro del sistema de salud. Formarte en esta \u00e1rea es dar un paso hacia un futuro donde servir con calidad y coraz\u00f3n marca la diferencia todos los d\u00edas.<\/span><\/div>\t\t\t\t<\/div>\n\t\t\t\t<\/div>\n\t\t\t\t<div class=\"elementor-element elementor-element-24abbd2 elementor-widget-divider--view-line elementor-widget elementor-widget-divider\" data-id=\"24abbd2\" data-element_type=\"widget\" data-widget_type=\"divider.default\">\n\t\t\t\t<div class=\"elementor-widget-container\">\n\t\t\t\t\t\t\t<div class=\"elementor-divider\">\n\t\t\t<span class=\"elementor-divider-separator\">\n\t\t\t\t\t\t<\/span>\n\t\t<\/div>\n\t\t\t\t\t\t<\/div>\n\t\t\t\t<\/div>\n\t\t<div class=\"elementor-element elementor-element-ed5f867 e-grid e-con-full e-con e-child\" data-id=\"ed5f867\" data-element_type=\"container\">\n\t\t\t\t<div class=\"elementor-element elementor-element-c8b1b34 elementor-invisible elementor-widget elementor-widget-image\" data-id=\"c8b1b34\" data-element_type=\"widget\" data-settings=\"{&quot;_animation&quot;:&quot;bounceIn&quot;,&quot;thim_ekit_motion_fx_mouse&quot;:&quot;yes&quot;}\" data-widget_type=\"image.default\">\n\t\t\t\t<div class=\"elementor-widget-container\">\n\t\t\t\t\t\t\t\t\t\t\t\t<figure class=\"wp-caption\">\n\t\t\t\t\t\t\t\t\t\t\t<a href=\"http:\/\/itn.edu.co\/web25\/wp-content\/uploads\/2025\/11\/Info_Auxiliar_Enfermeria.pdf\" target=\"_blank\">\n\t\t\t\t\t\t\t<img fetchpriority=\"high\" decoding=\"async\" width=\"640\" height=\"800\" src=\"https:\/\/itn.edu.co\/web25\/wp-content\/uploads\/2025\/11\/salud-1-768x960.png\" class=\"attachment-medium_large size-medium_large wp-image-7272\" alt=\"\" srcset=\"https:\/\/itn.edu.co\/web25\/wp-content\/uploads\/2025\/11\/salud-1-768x960.png 768w, https:\/\/itn.edu.co\/web25\/wp-content\/uploads\/2025\/11\/salud-1-240x300.png 240w, https:\/\/itn.edu.co\/web25\/wp-content\/uploads\/2025\/11\/salud-1-819x1024.png 819w, https:\/\/itn.edu.co\/web25\/wp-content\/uploads\/2025\/11\/salud-1.png 1080w\" sizes=\"(max-width: 640px) 100vw, 640px\" \/>\t\t\t\t\t\t\t\t<\/a>\n\t\t\t\t\t\t\t\t\t\t\t<figcaption class=\"widget-image-caption wp-caption-text\">Auxiliar de Enfermer\u00eda<\/figcaption>\n\t\t\t\t\t\t\t\t\t\t<\/figure>\n\t\t\t\t\t\t\t\t\t<\/div>\n\t\t\t\t<\/div>\n\t\t\t\t<div class=\"elementor-element elementor-element-289f97b elementor-invisible elementor-widget elementor-widget-image\" data-id=\"289f97b\" data-element_type=\"widget\" data-settings=\"{&quot;_animation&quot;:&quot;bounceIn&quot;,&quot;thim_ekit_motion_fx_mouse&quot;:&quot;yes&quot;}\" data-widget_type=\"image.default\">\n\t\t\t\t<div class=\"elementor-widget-container\">\n\t\t\t\t\t\t\t\t\t\t\t\t<figure class=\"wp-caption\">\n\t\t\t\t\t\t\t\t\t\t\t<a href=\"http:\/\/itn.edu.co\/web25\/wp-content\/uploads\/2025\/11\/Info_Auxiliar_Servicios_Farmaceuticos.pdf\" target=\"_blank\">\n\t\t\t\t\t\t\t<img decoding=\"async\" width=\"640\" height=\"800\" src=\"https:\/\/itn.edu.co\/web25\/wp-content\/uploads\/2025\/11\/salud-2-768x960.png\" class=\"attachment-medium_large size-medium_large wp-image-7273\" alt=\"\" srcset=\"https:\/\/itn.edu.co\/web25\/wp-content\/uploads\/2025\/11\/salud-2-768x960.png 768w, https:\/\/itn.edu.co\/web25\/wp-content\/uploads\/2025\/11\/salud-2-240x300.png 240w, https:\/\/itn.edu.co\/web25\/wp-content\/uploads\/2025\/11\/salud-2-819x1024.png 819w, https:\/\/itn.edu.co\/web25\/wp-content\/uploads\/2025\/11\/salud-2.png 1080w\" sizes=\"(max-width: 640px) 100vw, 640px\" \/>\t\t\t\t\t\t\t\t<\/a>\n\t\t\t\t\t\t\t\t\t\t\t<figcaption class=\"widget-image-caption wp-caption-text\">Auxiliar en Servicios Farmac\u00e9uticos<\/figcaption>\n\t\t\t\t\t\t\t\t\t\t<\/figure>\n\t\t\t\t\t\t\t\t\t<\/div>\n\t\t\t\t<\/div>\n\t\t\t\t<div class=\"elementor-element elementor-element-52abe07 elementor-invisible elementor-widget elementor-widget-image\" data-id=\"52abe07\" data-element_type=\"widget\" data-settings=\"{&quot;_animation&quot;:&quot;bounceIn&quot;,&quot;thim_ekit_motion_fx_mouse&quot;:&quot;yes&quot;}\" data-widget_type=\"image.default\">\n\t\t\t\t<div class=\"elementor-widget-container\">\n\t\t\t\t\t\t\t\t\t\t\t\t<figure class=\"wp-caption\">\n\t\t\t\t\t\t\t\t\t\t\t<a href=\"http:\/\/itn.edu.co\/web25\/wp-content\/uploads\/2025\/11\/Info_Auxiliar_administrativo_Salud.pdf\" target=\"_blank\">\n\t\t\t\t\t\t\t<img decoding=\"async\" width=\"640\" height=\"800\" src=\"https:\/\/itn.edu.co\/web25\/wp-content\/uploads\/2025\/11\/salud-3-768x960.png\" class=\"attachment-medium_large size-medium_large wp-image-7274\" alt=\"\" srcset=\"https:\/\/itn.edu.co\/web25\/wp-content\/uploads\/2025\/11\/salud-3-768x960.png 768w, https:\/\/itn.edu.co\/web25\/wp-content\/uploads\/2025\/11\/salud-3-240x300.png 240w, https:\/\/itn.edu.co\/web25\/wp-content\/uploads\/2025\/11\/salud-3-819x1024.png 819w, https:\/\/itn.edu.co\/web25\/wp-content\/uploads\/2025\/11\/salud-3.png 1080w\" sizes=\"(max-width: 640px) 100vw, 640px\" \/>\t\t\t\t\t\t\t\t<\/a>\n\t\t\t\t\t\t\t\t\t\t\t<figcaption class=\"widget-image-caption wp-caption-text\">Auxiliar Administrativo en Salud<\/figcaption>\n\t\t\t\t\t\t\t\t\t\t<\/figure>\n\t\t\t\t\t\t\t\t\t<\/div>\n\t\t\t\t<\/div>\n\t\t\t\t<\/div>\n\t\t\t\t\t<\/div>\n\t\t\t\t<\/div>\n\t\t\t\t<\/div>\n\t\t","protected":false},"excerpt":{"rendered":"<p>&#8230;<\/p>\n","protected":false},"author":1,"featured_media":0,"parent":0,"menu_order":0,"comment_status":"closed","ping_status":"closed","template":"","meta":{"_joinchat":[],"footnotes":""},"class_list":["post-7270","page","type-page","status-publish","hentry"],"_links":{"self":[{"href":"https:\/\/itn.edu.co\/web25\/wp-json\/wp\/v2\/pages\/7270","targetHints":{"allow":["GET"]}}],"collection":[{"href":"https:\/\/itn.edu.co\/web25\/wp-json\/wp\/v2\/pages"}],"about":[{"href":"https:\/\/itn.edu.co\/web25\/wp-json\/wp\/v2\/types\/page"}],"author":[{"embeddable":true,"href":"https:\/\/itn.edu.co\/web25\/wp-json\/wp\/v2\/users\/1"}],"replies":[{"embeddable":true,"href":"https:\/\/itn.edu.co\/web25\/wp-json\/wp\/v2\/comments?post=7270"}],"version-history":[{"count":16,"href":"https:\/\/itn.edu.co\/web25\/wp-json\/wp\/v2\/pages\/7270\/revisions"}],"predecessor-version":[{"id":7295,"href":"https:\/\/itn.edu.co\/web25\/wp-json\/wp\/v2\/pages\/7270\/revisions\/7295"}],"wp:attachment":[{"href":"https:\/\/itn.edu.co\/web25\/wp-json\/wp\/v2\/media?parent=7270"}],"curies":[{"name":"wp","href":"https:\/\/api.w.org\/{rel}","templated":true}]}}